{"id":92,"date":"2023-10-18T21:04:23","date_gmt":"2023-10-18T21:04:23","guid":{"rendered":"http:\/\/encontrogalegorrll.com\/?page_id=92"},"modified":"2025-10-13T11:21:35","modified_gmt":"2025-10-13T11:21:35","slug":"home","status":"publish","type":"page","link":"https:\/\/encontrogalegorrll.com\/","title":{"rendered":"Home"},"content":{"rendered":"\t\t<div data-elementor-type=\"wp-page\" data-elementor-id=\"92\" class=\"elementor elementor-92\">\n\t\t\t\t<div class=\"elementor-element elementor-element-2740ae31 e-con-full e-flex e-con e-parent\" data-id=\"2740ae31\" data-element_type=\"container\">\n\t\t<div class=\"elementor-element elementor-element-66442add e-con-full e-flex e-con e-child\" data-id=\"66442add\" data-element_type=\"container\" data-settings=\"{&quot;background_background&quot;:&quot;classic&quot;}\">\n\t\t\t\t<div class=\"elementor-element elementor-element-4724f4c elementor-widget__width-initial elementor-widget elementor-widget-image\" data-id=\"4724f4c\" data-element_type=\"widget\" data-widget_type=\"image.default\">\n\t\t\t\t<div class=\"elementor-widget-container\">\n\t\t\t\t\t\t\t\t\t\t\t\t\t<img decoding=\"async\" width=\"550\" height=\"58\" src=\"https:\/\/encontrogalegorrll.com\/wp-content\/uploads\/2024\/09\/Banner-de-logos-.jpg\" class=\"attachment-full size-full wp-image-631\" alt=\"\" srcset=\"https:\/\/encontrogalegorrll.com\/wp-content\/uploads\/2024\/09\/Banner-de-logos-.jpg 550w, https:\/\/encontrogalegorrll.com\/wp-content\/uploads\/2024\/09\/Banner-de-logos--300x32.jpg 300w\" sizes=\"(max-width: 550px) 100vw, 550px\" \/>\t\t\t\t\t\t\t\t\t\t\t\t\t<\/div>\n\t\t\t\t<\/div>\n\t\t\t\t<div class=\"elementor-element elementor-element-d1b217f elementor-widget__width-initial elementor-widget elementor-widget-image\" data-id=\"d1b217f\" data-element_type=\"widget\" data-widget_type=\"image.default\">\n\t\t\t\t<div class=\"elementor-widget-container\">\n\t\t\t\t\t\t\t\t\t\t\t\t\t<img decoding=\"async\" src=\"https:\/\/encontrogalegorrll.com\/wp-content\/uploads\/2025\/09\/portada-forms--scaled-e1758278280366.jpg\" title=\"portada forms\" alt=\"portada forms\" loading=\"lazy\" \/>\t\t\t\t\t\t\t\t\t\t\t\t\t<\/div>\n\t\t\t\t<\/div>\n\t\t\t\t<\/div>\n\t\t\t\t<\/div>\n\t\t<div class=\"elementor-element elementor-element-4598ee19 e-con-full e-flex e-con e-parent\" data-id=\"4598ee19\" data-element_type=\"container\" data-settings=\"{&quot;background_background&quot;:&quot;classic&quot;}\">\n\t\t<div class=\"elementor-element elementor-element-6bbf3eb8 e-con-full e-flex e-con e-child\" data-id=\"6bbf3eb8\" data-element_type=\"container\">\n\t\t\t\t<div class=\"elementor-element elementor-element-44fe4878 elementor-widget elementor-widget-heading\" data-id=\"44fe4878\" data-element_type=\"widget\" data-widget_type=\"heading.default\">\n\t\t\t\t<div class=\"elementor-widget-container\">\n\t\t\t<h2 class=\"elementor-heading-title elementor-size-default\">XXI ENCONTRO GALEGO DE RELACI\u00d3NS LABORAIS<\/h2>\t\t<\/div>\n\t\t\t\t<\/div>\n\t\t<div class=\"elementor-element elementor-element-3c49fdcc e-con-full e-flex e-con e-child\" data-id=\"3c49fdcc\" data-element_type=\"container\">\n\t\t\t\t<div class=\"elementor-element elementor-element-69d3b0f0 elementor-widget elementor-widget-text-editor\" data-id=\"69d3b0f0\" data-element_type=\"widget\" data-widget_type=\"text-editor.default\">\n\t\t\t\t<div class=\"elementor-widget-container\">\n\t\t\t\t\t\t\t<p>Tr\u00e1tase dun foro de posta en com\u00fan de co\u00f1ecemento e debate para o que, desde o Consello Galego de Relaci\u00f3ns Laborais, convocamos os operadores protagonistas da actividade sociolaboral en Galicia co obxectivo de establecer os principais criterios t\u00e9cnicos que poder\u00e1n orientar ao Consello ao longo de 2026 en temas relativos aos puntos candentes da negociaci\u00f3n colectiva.<\/p>\t\t\t\t\t\t<\/div>\n\t\t\t\t<\/div>\n\t\t\t\t<div class=\"elementor-element elementor-element-7726661 elementor-invisible elementor-widget elementor-widget-button\" data-id=\"7726661\" data-element_type=\"widget\" data-settings=\"{&quot;_animation&quot;:&quot;fadeInDown&quot;}\" data-widget_type=\"button.default\">\n\t\t\t\t<div class=\"elementor-widget-container\">\n\t\t\t\t\t<div class=\"elementor-button-wrapper\">\n\t\t\t<a class=\"elementor-button elementor-button-link elementor-size-md elementor-animation-sink\" href=\"http:\/\/encontrogalegorrll.com\/wp-content\/uploads\/2025\/10\/XXI-EGRL-Programa-2025-pdf.pdf\">\n\t\t\t\t\t\t<span class=\"elementor-button-content-wrapper\">\n\t\t\t\t\t\t<span class=\"elementor-button-icon\">\n\t\t\t\t<i aria-hidden=\"true\" class=\"fas fa-arrow-right\"><\/i>\t\t\t<\/span>\n\t\t\t\t\t\t\t\t\t<span class=\"elementor-button-text\">Ver programa<\/span>\n\t\t\t\t\t<\/span>\n\t\t\t\t\t<\/a>\n\t\t<\/div>\n\t\t\t\t<\/div>\n\t\t\t\t<\/div>\n\t\t\t\t<\/div>\n\t\t\t\t<\/div>\n\t\t\t\t<div class=\"elementor-element elementor-element-f3ab3cd elementor-invisible elementor-widget elementor-widget-heading\" data-id=\"f3ab3cd\" data-element_type=\"widget\" data-settings=\"{&quot;_animation&quot;:&quot;fadeInUp&quot;}\" data-widget_type=\"heading.default\">\n\t\t\t\t<div class=\"elementor-widget-container\">\n\t\t\t<span class=\"elementor-heading-title elementor-size-default\">ENCONTRO<\/span>\t\t<\/div>\n\t\t\t\t<\/div>\n\t\t\t\t<\/div>\n\t\t<div class=\"elementor-element elementor-element-5595d6d e-con-full e-flex e-con e-parent\" data-id=\"5595d6d\" data-element_type=\"container\">\n\t\t\t\t<div class=\"elementor-element elementor-element-f245959 elementor-widget elementor-widget-heading\" data-id=\"f245959\" data-element_type=\"widget\" data-widget_type=\"heading.default\">\n\t\t\t\t<div class=\"elementor-widget-container\">\n\t\t\t<span class=\"elementor-heading-title elementor-size-default\">programa<\/span>\t\t<\/div>\n\t\t\t\t<\/div>\n\t\t<div class=\"elementor-element elementor-element-81ccc25 e-con-full e-flex e-con e-child\" data-id=\"81ccc25\" data-element_type=\"container\">\n\t\t\t\t<div class=\"elementor-element elementor-element-b8bc9d9 elementor-widget-tablet__width-initial elementor-widget-mobile__width-inherit elementor-widget__width-initial elementor-position-top elementor-widget elementor-widget-image-box\" data-id=\"b8bc9d9\" data-element_type=\"widget\" data-widget_type=\"image-box.default\">\n\t\t\t\t<div class=\"elementor-widget-container\">\n\t\t\t<div class=\"elementor-image-box-wrapper\"><figure class=\"elementor-image-box-img\"><a href=\"http:\/\/encontrogalegorrll.com\/index.php\/programa\/\" tabindex=\"-1\"><img fetchpriority=\"high\" decoding=\"async\" width=\"583\" height=\"584\" src=\"https:\/\/encontrogalegorrll.com\/wp-content\/uploads\/2025\/09\/Captura-de-pantalla-2025-09-22-a-las-13.10.09.png\" class=\"elementor-animation-sink attachment-full size-full wp-image-853\" alt=\"\" srcset=\"https:\/\/encontrogalegorrll.com\/wp-content\/uploads\/2025\/09\/Captura-de-pantalla-2025-09-22-a-las-13.10.09.png 583w, https:\/\/encontrogalegorrll.com\/wp-content\/uploads\/2025\/09\/Captura-de-pantalla-2025-09-22-a-las-13.10.09-300x300.png 300w, https:\/\/encontrogalegorrll.com\/wp-content\/uploads\/2025\/09\/Captura-de-pantalla-2025-09-22-a-las-13.10.09-150x150.png 150w\" sizes=\"(max-width: 583px) 100vw, 583px\" \/><\/a><\/figure><div class=\"elementor-image-box-content\"><h3 class=\"elementor-image-box-title\"><a href=\"http:\/\/encontrogalegorrll.com\/index.php\/programa\/\">Xoves 20 de novembro 10:30-11:30h.<\/a><\/h3><p class=\"elementor-image-box-description\">Lecci\u00f3n maxistral a cargo de Ricardo Bodas Mart\u00edn\n<\/p><\/div><\/div>\t\t<\/div>\n\t\t\t\t<\/div>\n\t\t\t\t<div class=\"elementor-element elementor-element-d52d795 elementor-widget-tablet__width-initial elementor-widget-mobile__width-inherit elementor-widget__width-initial elementor-position-top elementor-widget elementor-widget-image-box\" data-id=\"d52d795\" data-element_type=\"widget\" data-widget_type=\"image-box.default\">\n\t\t\t\t<div class=\"elementor-widget-container\">\n\t\t\t<div class=\"elementor-image-box-wrapper\"><figure class=\"elementor-image-box-img\"><a href=\"http:\/\/encontrogalegorrll.com\/index.php\/mesas-de-debate\/\" tabindex=\"-1\"><img decoding=\"async\" width=\"500\" height=\"500\" src=\"https:\/\/encontrogalegorrll.com\/wp-content\/uploads\/2025\/09\/Xoves-20-de-novembro.png\" class=\"elementor-animation-sink attachment-full size-full wp-image-852\" alt=\"\" srcset=\"https:\/\/encontrogalegorrll.com\/wp-content\/uploads\/2025\/09\/Xoves-20-de-novembro.png 500w, https:\/\/encontrogalegorrll.com\/wp-content\/uploads\/2025\/09\/Xoves-20-de-novembro-300x300.png 300w, https:\/\/encontrogalegorrll.com\/wp-content\/uploads\/2025\/09\/Xoves-20-de-novembro-150x150.png 150w\" sizes=\"(max-width: 500px) 100vw, 500px\" \/><\/a><\/figure><div class=\"elementor-image-box-content\"><h3 class=\"elementor-image-box-title\"><a href=\"http:\/\/encontrogalegorrll.com\/index.php\/mesas-de-debate\/\">Xoves 20 de novembro 12:00-20:00h.<\/a><\/h3><p class=\"elementor-image-box-description\">Desenvolvemento dos traballos nas mesas de debate<\/p><\/div><\/div>\t\t<\/div>\n\t\t\t\t<\/div>\n\t\t\t\t<div class=\"elementor-element elementor-element-f545d86 elementor-widget-tablet__width-initial elementor-widget-mobile__width-inherit elementor-widget__width-initial elementor-position-top elementor-widget elementor-widget-image-box\" data-id=\"f545d86\" data-element_type=\"widget\" data-widget_type=\"image-box.default\">\n\t\t\t\t<div class=\"elementor-widget-container\">\n\t\t\t<div class=\"elementor-image-box-wrapper\"><figure class=\"elementor-image-box-img\"><a href=\"http:\/\/encontrogalegorrll.com\/index.php\/programa\/\" tabindex=\"-1\"><img loading=\"lazy\" decoding=\"async\" width=\"500\" height=\"500\" src=\"https:\/\/encontrogalegorrll.com\/wp-content\/uploads\/2025\/09\/1-1.png\" class=\"elementor-animation-sink attachment-full size-full wp-image-849\" alt=\"\" srcset=\"https:\/\/encontrogalegorrll.com\/wp-content\/uploads\/2025\/09\/1-1.png 500w, https:\/\/encontrogalegorrll.com\/wp-content\/uploads\/2025\/09\/1-1-300x300.png 300w, https:\/\/encontrogalegorrll.com\/wp-content\/uploads\/2025\/09\/1-1-150x150.png 150w\" sizes=\"(max-width: 500px) 100vw, 500px\" \/><\/a><\/figure><div class=\"elementor-image-box-content\"><h3 class=\"elementor-image-box-title\"><a href=\"http:\/\/encontrogalegorrll.com\/index.php\/programa\/\">Xoves 20 de novembro<\/a><\/h3><p class=\"elementor-image-box-description\">Ver programa\n<\/p><\/div><\/div>\t\t<\/div>\n\t\t\t\t<\/div>\n\t\t\t\t<div class=\"elementor-element elementor-element-3969442 elementor-widget-tablet__width-initial elementor-widget-mobile__width-inherit elementor-widget__width-initial elementor-position-top elementor-widget elementor-widget-image-box\" data-id=\"3969442\" data-element_type=\"widget\" data-widget_type=\"image-box.default\">\n\t\t\t\t<div class=\"elementor-widget-container\">\n\t\t\t<div class=\"elementor-image-box-wrapper\"><figure class=\"elementor-image-box-img\"><a href=\"http:\/\/encontrogalegorrll.com\/index.php\/programa\/\" tabindex=\"-1\"><img loading=\"lazy\" decoding=\"async\" width=\"500\" height=\"500\" src=\"https:\/\/encontrogalegorrll.com\/wp-content\/uploads\/2025\/09\/2-1.png\" class=\"elementor-animation-sink attachment-full size-full wp-image-850\" alt=\"\" srcset=\"https:\/\/encontrogalegorrll.com\/wp-content\/uploads\/2025\/09\/2-1.png 500w, https:\/\/encontrogalegorrll.com\/wp-content\/uploads\/2025\/09\/2-1-300x300.png 300w, https:\/\/encontrogalegorrll.com\/wp-content\/uploads\/2025\/09\/2-1-150x150.png 150w\" sizes=\"(max-width: 500px) 100vw, 500px\" \/><\/a><\/figure><div class=\"elementor-image-box-content\"><h3 class=\"elementor-image-box-title\"><a href=\"http:\/\/encontrogalegorrll.com\/index.php\/programa\/\">Venres 21 de novembro<\/a><\/h3><p class=\"elementor-image-box-description\">Ver programa<\/p><\/div><\/div>\t\t<\/div>\n\t\t\t\t<\/div>\n\t\t\t\t<\/div>\n\t\t\t\t<\/div>\n\t\t<div class=\"elementor-element elementor-element-d6dd650 e-con-full e-flex e-con e-parent\" data-id=\"d6dd650\" data-element_type=\"container\">\n\t\t\t\t<div class=\"elementor-element elementor-element-3c79d82 elementor-widget elementor-widget-spacer\" data-id=\"3c79d82\" data-element_type=\"widget\" data-widget_type=\"spacer.default\">\n\t\t\t\t<div class=\"elementor-widget-container\">\n\t\t\t\t\t<div class=\"elementor-spacer\">\n\t\t\t<div class=\"elementor-spacer-inner\"><\/div>\n\t\t<\/div>\n\t\t\t\t<\/div>\n\t\t\t\t<\/div>\n\t\t\t\t<div class=\"elementor-element elementor-element-1e16cd1 elementor-widget__width-inherit elementor-widget-divider--view-line elementor-widget elementor-widget-divider\" data-id=\"1e16cd1\" data-element_type=\"widget\" data-widget_type=\"divider.default\">\n\t\t\t\t<div class=\"elementor-widget-container\">\n\t\t\t\t\t<div class=\"elementor-divider\">\n\t\t\t<span class=\"elementor-divider-separator\">\n\t\t\t\t\t\t<\/span>\n\t\t<\/div>\n\t\t\t\t<\/div>\n\t\t\t\t<\/div>\n\t\t\t\t<div class=\"elementor-element elementor-element-cdcb46c elementor-widget elementor-widget-heading\" data-id=\"cdcb46c\" data-element_type=\"widget\" data-widget_type=\"heading.default\">\n\t\t\t\t<div class=\"elementor-widget-container\">\n\t\t\t<h2 class=\"elementor-heading-title elementor-size-medium\"><a href=\"http:\/\/encontrogalegorrll.com\/index.php\/programa\/\">PROGRAMA<\/a><\/h2>\t\t<\/div>\n\t\t\t\t<\/div>\n\t\t\t\t<div class=\"elementor-element elementor-element-0decf7a elementor-widget__width-inherit elementor-widget-divider--view-line elementor-widget elementor-widget-divider\" data-id=\"0decf7a\" data-element_type=\"widget\" data-widget_type=\"divider.default\">\n\t\t\t\t<div class=\"elementor-widget-container\">\n\t\t\t\t\t<div class=\"elementor-divider\">\n\t\t\t<span class=\"elementor-divider-separator\">\n\t\t\t\t\t\t<\/span>\n\t\t<\/div>\n\t\t\t\t<\/div>\n\t\t\t\t<\/div>\n\t\t\t\t<div class=\"elementor-element elementor-element-0cfc93a elementor-widget elementor-widget-heading\" data-id=\"0cfc93a\" data-element_type=\"widget\" data-widget_type=\"heading.default\">\n\t\t\t\t<div class=\"elementor-widget-container\">\n\t\t\t<h2 class=\"elementor-heading-title elementor-size-medium\"><a href=\"http:\/\/encontrogalegorrll.com\/index.php\/mesas-de-debate\/\">MESAS DE DEBATE<\/a><\/h2>\t\t<\/div>\n\t\t\t\t<\/div>\n\t\t\t\t<div class=\"elementor-element elementor-element-de83a60 elementor-widget__width-inherit elementor-widget-divider--view-line elementor-widget elementor-widget-divider\" data-id=\"de83a60\" data-element_type=\"widget\" data-widget_type=\"divider.default\">\n\t\t\t\t<div class=\"elementor-widget-container\">\n\t\t\t\t\t<div class=\"elementor-divider\">\n\t\t\t<span class=\"elementor-divider-separator\">\n\t\t\t\t\t\t<\/span>\n\t\t<\/div>\n\t\t\t\t<\/div>\n\t\t\t\t<\/div>\n\t\t\t\t<div class=\"elementor-element elementor-element-ca0d998 elementor-widget elementor-widget-heading\" data-id=\"ca0d998\" data-element_type=\"widget\" data-widget_type=\"heading.default\">\n\t\t\t\t<div class=\"elementor-widget-container\">\n\t\t\t<h2 class=\"elementor-heading-title elementor-size-medium\"><a href=\"http:\/\/encontrogalegorrll.com\/\">Proximamente<\/a><\/h2>\t\t<\/div>\n\t\t\t\t<\/div>\n\t\t\t\t<div class=\"elementor-element elementor-element-2b8fee6 elementor-widget__width-inherit elementor-widget-divider--view-line elementor-widget elementor-widget-divider\" data-id=\"2b8fee6\" data-element_type=\"widget\" data-widget_type=\"divider.default\">\n\t\t\t\t<div class=\"elementor-widget-container\">\n\t\t\t\t\t<div class=\"elementor-divider\">\n\t\t\t<span class=\"elementor-divider-separator\">\n\t\t\t\t\t\t<\/span>\n\t\t<\/div>\n\t\t\t\t<\/div>\n\t\t\t\t<\/div>\n\t\t\t\t<div class=\"elementor-element elementor-element-651dd5b elementor-widget elementor-widget-spacer\" data-id=\"651dd5b\" data-element_type=\"widget\" data-widget_type=\"spacer.default\">\n\t\t\t\t<div class=\"elementor-widget-container\">\n\t\t\t\t\t<div class=\"elementor-spacer\">\n\t\t\t<div class=\"elementor-spacer-inner\"><\/div>\n\t\t<\/div>\n\t\t\t\t<\/div>\n\t\t\t\t<\/div>\n\t\t\t\t<\/div>\n\t\t<div class=\"elementor-element elementor-element-3001cf94 e-con-full e-flex e-con e-parent\" data-id=\"3001cf94\" data-element_type=\"container\">\n\t\t<div class=\"elementor-element elementor-element-2a6c8059 e-con-full e-flex e-con e-child\" data-id=\"2a6c8059\" data-element_type=\"container\">\n\t\t<div class=\"elementor-element elementor-element-748408a4 e-flex e-con-boxed e-con e-child\" data-id=\"748408a4\" data-element_type=\"container\">\n\t\t\t\t\t<div class=\"e-con-inner\">\n\t\t\t\t<div class=\"elementor-element elementor-element-a976b5e elementor-widget elementor-widget-heading\" data-id=\"a976b5e\" data-element_type=\"widget\" data-widget_type=\"heading.default\">\n\t\t\t\t<div class=\"elementor-widget-container\">\n\t\t\t<h2 class=\"elementor-heading-title elementor-size-default\">Contacto<\/h2>\t\t<\/div>\n\t\t\t\t<\/div>\n\t\t\t\t<div class=\"elementor-element elementor-element-7cf2ddfe elementor-widget elementor-widget-text-editor\" data-id=\"7cf2ddfe\" data-element_type=\"widget\" data-widget_type=\"text-editor.default\">\n\t\t\t\t<div class=\"elementor-widget-container\">\n\t\t\t\t\t\t\t<p>R\u00faa da Algalia de Abaixo, 24,<br \/>15704 Santiago de Compostela,<br \/>A Coru\u00f1a<\/p><p>981 54 16 02<br \/><span style=\"color: #ffffff;\"><a style=\"color: #ffffff;\" href=\"mailto:info.cgrl@xunta.es\">info.cgrl@xunta.es<\/a><\/span><\/p>\t\t\t\t\t\t<\/div>\n\t\t\t\t<\/div>\n\t\t\t\t\t<\/div>\n\t\t\t\t<\/div>\n\t\t<div class=\"elementor-element elementor-element-ec7b155 e-flex e-con-boxed e-con e-child\" data-id=\"ec7b155\" data-element_type=\"container\">\n\t\t\t\t\t<div class=\"e-con-inner\">\n\t\t<div class=\"elementor-element elementor-element-74cb5dc2 e-flex e-con-boxed e-con e-child\" data-id=\"74cb5dc2\" data-element_type=\"container\">\n\t\t\t\t\t<div class=\"e-con-inner\">\n\t\t<div class=\"elementor-element elementor-element-5e88a958 e-con-full e-flex e-con e-child\" data-id=\"5e88a958\" data-element_type=\"container\">\n\t\t\t\t<div class=\"elementor-element elementor-element-ca5648a elementor-view-default elementor-widget elementor-widget-icon\" data-id=\"ca5648a\" data-element_type=\"widget\" data-widget_type=\"icon.default\">\n\t\t\t\t<div class=\"elementor-widget-container\">\n\t\t\t\t\t<div class=\"elementor-icon-wrapper\">\n\t\t\t<a class=\"elementor-icon\" href=\"https:\/\/www.linkedin.com\/company\/consello-galego-de-relaci%C3%B3ns-laborais\/?originalSubdomain=es\">\n\t\t\t<i aria-hidden=\"true\" class=\"fab fa-linkedin\"><\/i>\t\t\t<\/a>\n\t\t<\/div>\n\t\t\t\t<\/div>\n\t\t\t\t<\/div>\n\t\t\t\t<div class=\"elementor-element elementor-element-7264f1cb elementor-view-default elementor-widget elementor-widget-icon\" data-id=\"7264f1cb\" data-element_type=\"widget\" data-widget_type=\"icon.default\">\n\t\t\t\t<div class=\"elementor-widget-container\">\n\t\t\t\t\t<div class=\"elementor-icon-wrapper\">\n\t\t\t<a class=\"elementor-icon\" href=\"https:\/\/twitter.com\/cgrrll\">\n\t\t\t<i aria-hidden=\"true\" class=\"fab fa-twitter-square\"><\/i>\t\t\t<\/a>\n\t\t<\/div>\n\t\t\t\t<\/div>\n\t\t\t\t<\/div>\n\t\t\t\t<\/div>\n\t\t\t\t\t<\/div>\n\t\t\t\t<\/div>\n\t\t\t\t<div class=\"elementor-element elementor-element-64ecb45f elementor-widget elementor-widget-text-editor\" data-id=\"64ecb45f\" data-element_type=\"widget\" data-widget_type=\"text-editor.default\">\n\t\t\t\t<div class=\"elementor-widget-container\">\n\t\t\t\t\t\t\t<p style=\"text-align: right;\"><span style=\"color: #ffffff;\"><a href=\"http:\/\/encontrogalegorrll.com\/index.php\/aviso-legal\/\"><span style=\"color: #ffffff;\">Aviso Legal<\/span><\/a><\/span><\/p>\t\t\t\t\t\t<\/div>\n\t\t\t\t<\/div>\n\t\t\t\t\t<\/div>\n\t\t\t\t<\/div>\n\t\t\t\t<\/div>\n\t\t\t\t<\/div>\n\t\t\t\t<\/div>\n\t\t","protected":false},"excerpt":{"rendered":"<p>XXI ENCONTRO GALEGO DE RELACI\u00d3NS LABORAIS Tr\u00e1tase dun foro de posta en com\u00fan de co\u00f1ecemento e debate para o que, desde o Consello Galego de Relaci\u00f3ns Laborais, convocamos os operadores protagonistas da actividade sociolaboral en Galicia co obxectivo de establecer os principais criterios t\u00e9cnicos que poder\u00e1n orientar ao Consello ao longo de 2026 en temas [&hellip;]<\/p>\n","protected":false},"author":2,"featured_media":67,"parent":0,"menu_order":0,"comment_status":"closed","ping_status":"closed","template":"","meta":{"om_disable_all_campaigns":false,"_monsterinsights_skip_tracking":false,"_monsterinsights_sitenote_active":false,"_monsterinsights_sitenote_note":"","_monsterinsights_sitenote_category":0,"footnotes":""},"class_list":["post-92","page","type-page","status-publish","has-post-thumbnail","hentry"],"aioseo_notices":[],"_links":{"self":[{"href":"https:\/\/encontrogalegorrll.com\/index.php\/wp-json\/wp\/v2\/pages\/92","targetHints":{"allow":["GET"]}}],"collection":[{"href":"https:\/\/encontrogalegorrll.com\/index.php\/wp-json\/wp\/v2\/pages"}],"about":[{"href":"https:\/\/encontrogalegorrll.com\/index.php\/wp-json\/wp\/v2\/types\/page"}],"author":[{"embeddable":true,"href":"https:\/\/encontrogalegorrll.com\/index.php\/wp-json\/wp\/v2\/users\/2"}],"replies":[{"embeddable":true,"href":"https:\/\/encontrogalegorrll.com\/index.php\/wp-json\/wp\/v2\/comments?post=92"}],"version-history":[{"count":164,"href":"https:\/\/encontrogalegorrll.com\/index.php\/wp-json\/wp\/v2\/pages\/92\/revisions"}],"predecessor-version":[{"id":886,"href":"https:\/\/encontrogalegorrll.com\/index.php\/wp-json\/wp\/v2\/pages\/92\/revisions\/886"}],"wp:featuredmedia":[{"embeddable":true,"href":"https:\/\/encontrogalegorrll.com\/index.php\/wp-json\/wp\/v2\/media\/67"}],"wp:attachment":[{"href":"https:\/\/encontrogalegorrll.com\/index.php\/wp-json\/wp\/v2\/media?parent=92"}],"curies":[{"name":"wp","href":"https:\/\/api.w.org\/{rel}","templated":true}]}}