{"id":181,"date":"2023-10-19T15:24:06","date_gmt":"2023-10-19T15:24:06","guid":{"rendered":"http:\/\/encontrogalegorrll.com\/?page_id=181"},"modified":"2025-09-22T12:01:22","modified_gmt":"2025-09-22T12:01:22","slug":"encontro","status":"publish","type":"page","link":"https:\/\/encontrogalegorrll.com\/index.php\/encontro\/","title":{"rendered":"Encontro"},"content":{"rendered":"\t\t<div data-elementor-type=\"wp-page\" data-elementor-id=\"181\" class=\"elementor elementor-181\">\n\t\t\t\t<div class=\"elementor-element elementor-element-52e6a706 e-con-full e-flex e-con e-parent\" data-id=\"52e6a706\" data-element_type=\"container\">\n\t\t<div class=\"elementor-element elementor-element-1fe0dd57 e-con-full e-flex e-con e-child\" data-id=\"1fe0dd57\" data-element_type=\"container\">\n\t\t<div class=\"elementor-element elementor-element-482d9685 e-con-full e-flex e-con e-child\" data-id=\"482d9685\" data-element_type=\"container\">\n\t\t\t\t<div class=\"elementor-element elementor-element-b4adbff elementor-widget__width-initial elementor-widget elementor-widget-heading\" data-id=\"b4adbff\" data-element_type=\"widget\" data-widget_type=\"heading.default\">\n\t\t\t\t<div class=\"elementor-widget-container\">\n\t\t\t<h1 class=\"elementor-heading-title elementor-size-default\">Que \u00e9 o encontro e en que consiste<\/h1>\t\t<\/div>\n\t\t\t\t<\/div>\n\t\t\t\t<div class=\"elementor-element elementor-element-27ddd1d elementor-widget__width-initial elementor-invisible elementor-widget elementor-widget-text-editor\" data-id=\"27ddd1d\" data-element_type=\"widget\" data-settings=\"{&quot;_animation&quot;:&quot;fadeInDown&quot;}\" data-widget_type=\"text-editor.default\">\n\t\t\t\t<div class=\"elementor-widget-container\">\n\t\t\t\t\t\t\t<p>Tr\u00e1tase dun foro de posta en com\u00fan de co\u00f1ecemento e debate para o que, desde o Consello Galego de Relaci\u00f3ns Laborais, convocamos os operadores protagonistas da actividade sociolaboral en Galicia co obxectivo de establecer os principais criterios t\u00e9cnicos que poder\u00e1n orientar ao Consello ao longo de 2026 en temas relativos aos puntos candentes da negociaci\u00f3n colectiva.<\/p><p>Deste xeito, reforzaranse e actualizaranse as bases t\u00e9cnicas das distintas actuaci\u00f3ns do Consello Galego de Relaci\u00f3ns Laborais nunha \u00e1rea de traballo de vital importancia para o organismo.<\/p>\t\t\t\t\t\t<\/div>\n\t\t\t\t<\/div>\n\t\t\t\t<\/div>\n\t\t\t\t<div class=\"elementor-element elementor-element-3aa6919 elementor-widget elementor-widget-heading\" data-id=\"3aa6919\" data-element_type=\"widget\" data-widget_type=\"heading.default\">\n\t\t\t\t<div class=\"elementor-widget-container\">\n\t\t\t<h2 class=\"elementor-heading-title elementor-size-default\">encontro<\/h2>\t\t<\/div>\n\t\t\t\t<\/div>\n\t\t\t\t<\/div>\n\t\t<div class=\"elementor-element elementor-element-bc86e10 e-con-full e-flex e-con e-child\" data-id=\"bc86e10\" data-element_type=\"container\" data-settings=\"{&quot;background_background&quot;:&quot;classic&quot;}\">\n\t\t\t\t<\/div>\n\t\t\t\t<\/div>\n\t\t<div class=\"elementor-element elementor-element-43730e5a e-con-full e-flex e-con e-parent\" data-id=\"43730e5a\" data-element_type=\"container\">\n\t\t<div class=\"elementor-element elementor-element-4750db02 e-con-full e-flex e-con e-child\" data-id=\"4750db02\" data-element_type=\"container\" data-settings=\"{&quot;background_background&quot;:&quot;classic&quot;}\">\n\t\t\t\t<\/div>\n\t\t<div class=\"elementor-element elementor-element-5b146aef e-con-full e-flex e-con e-child\" data-id=\"5b146aef\" data-element_type=\"container\">\n\t\t\t\t<div class=\"elementor-element elementor-element-c515ef4 elementor-widget elementor-widget-heading\" data-id=\"c515ef4\" data-element_type=\"widget\" data-widget_type=\"heading.default\">\n\t\t\t\t<div class=\"elementor-widget-container\">\n\t\t\t<h2 class=\"elementor-heading-title elementor-size-default\">Ademais de todo o anterior, permitiranos crear un espazo de convivencia para os distintos operadores do sistema de relaci\u00f3ns laborais de Galicia no que compartir experiencias e inquedanzas ao tempo que se fortalecen as relaci\u00f3ns interpersoais.<\/h2>\t\t<\/div>\n\t\t\t\t<\/div>\n\t\t\t\t<\/div>\n\t\t\t\t<\/div>\n\t\t<div class=\"elementor-element elementor-element-c9492f6 e-flex e-con-boxed e-con e-parent\" data-id=\"c9492f6\" data-element_type=\"container\">\n\t\t\t\t\t<div class=\"e-con-inner\">\n\t\t\t\t<div class=\"elementor-element elementor-element-8147cb6 elementor-widget elementor-widget-spacer\" data-id=\"8147cb6\" data-element_type=\"widget\" data-widget_type=\"spacer.default\">\n\t\t\t\t<div class=\"elementor-widget-container\">\n\t\t\t\t\t<div class=\"elementor-spacer\">\n\t\t\t<div class=\"elementor-spacer-inner\"><\/div>\n\t\t<\/div>\n\t\t\t\t<\/div>\n\t\t\t\t<\/div>\n\t\t\t\t\t<\/div>\n\t\t\t\t<\/div>\n\t\t<div class=\"elementor-element elementor-element-765f623e e-con-full e-flex e-con e-parent\" data-id=\"765f623e\" data-element_type=\"container\">\n\t\t<div class=\"elementor-element elementor-element-247bc895 e-con-full e-flex e-con e-child\" data-id=\"247bc895\" data-element_type=\"container\">\n\t\t<div class=\"elementor-element elementor-element-24957dc e-flex e-con-boxed e-con e-child\" data-id=\"24957dc\" data-element_type=\"container\">\n\t\t\t\t\t<div class=\"e-con-inner\">\n\t\t\t\t<div class=\"elementor-element elementor-element-2562502b elementor-widget elementor-widget-heading\" data-id=\"2562502b\" data-element_type=\"widget\" data-widget_type=\"heading.default\">\n\t\t\t\t<div class=\"elementor-widget-container\">\n\t\t\t<h2 class=\"elementor-heading-title elementor-size-default\">Contacto<\/h2>\t\t<\/div>\n\t\t\t\t<\/div>\n\t\t\t\t<div class=\"elementor-element elementor-element-ab421f9 elementor-widget elementor-widget-text-editor\" data-id=\"ab421f9\" data-element_type=\"widget\" data-widget_type=\"text-editor.default\">\n\t\t\t\t<div class=\"elementor-widget-container\">\n\t\t\t\t\t\t\t<p>R\u00faa da Algalia de Abaixo, 24,<br \/>15704 Santiago de Compostela,<br \/>A Coru\u00f1a<\/p><p>981 54 16 02<br \/><span style=\"color: #ffffff;\"><a style=\"color: #ffffff;\" href=\"mailto:info.cgrl@xunta.es\">info.cgrl@xunta.es<\/a><\/span><\/p>\t\t\t\t\t\t<\/div>\n\t\t\t\t<\/div>\n\t\t\t\t\t<\/div>\n\t\t\t\t<\/div>\n\t\t<div class=\"elementor-element elementor-element-33b5e1c7 e-flex e-con-boxed e-con e-child\" data-id=\"33b5e1c7\" data-element_type=\"container\">\n\t\t\t\t\t<div class=\"e-con-inner\">\n\t\t<div class=\"elementor-element elementor-element-28caa948 e-flex e-con-boxed e-con e-child\" data-id=\"28caa948\" data-element_type=\"container\">\n\t\t\t\t\t<div class=\"e-con-inner\">\n\t\t<div class=\"elementor-element elementor-element-6b2ede6a e-con-full e-flex e-con e-child\" data-id=\"6b2ede6a\" data-element_type=\"container\">\n\t\t\t\t<div class=\"elementor-element elementor-element-5f3bac25 elementor-view-default elementor-widget elementor-widget-icon\" data-id=\"5f3bac25\" data-element_type=\"widget\" data-widget_type=\"icon.default\">\n\t\t\t\t<div class=\"elementor-widget-container\">\n\t\t\t\t\t<div class=\"elementor-icon-wrapper\">\n\t\t\t<a class=\"elementor-icon\" href=\"https:\/\/www.linkedin.com\/company\/consello-galego-de-relaci%C3%B3ns-laborais\/?originalSubdomain=es\">\n\t\t\t<i aria-hidden=\"true\" class=\"fab fa-linkedin\"><\/i>\t\t\t<\/a>\n\t\t<\/div>\n\t\t\t\t<\/div>\n\t\t\t\t<\/div>\n\t\t\t\t<div class=\"elementor-element elementor-element-40e77bae elementor-view-default elementor-widget elementor-widget-icon\" data-id=\"40e77bae\" data-element_type=\"widget\" data-widget_type=\"icon.default\">\n\t\t\t\t<div class=\"elementor-widget-container\">\n\t\t\t\t\t<div class=\"elementor-icon-wrapper\">\n\t\t\t<a class=\"elementor-icon\" href=\"https:\/\/twitter.com\/cgrrll\">\n\t\t\t<i aria-hidden=\"true\" class=\"fab fa-twitter-square\"><\/i>\t\t\t<\/a>\n\t\t<\/div>\n\t\t\t\t<\/div>\n\t\t\t\t<\/div>\n\t\t\t\t<\/div>\n\t\t\t\t\t<\/div>\n\t\t\t\t<\/div>\n\t\t\t\t<div class=\"elementor-element elementor-element-4269c388 elementor-widget elementor-widget-text-editor\" data-id=\"4269c388\" data-element_type=\"widget\" data-widget_type=\"text-editor.default\">\n\t\t\t\t<div class=\"elementor-widget-container\">\n\t\t\t\t\t\t\t<p style=\"text-align: right;\"><span style=\"color: #ffffff;\"><a href=\"http:\/\/encontrogalegorrll.com\/index.php\/aviso-legal\/\"><span style=\"color: #ffffff;\">Aviso Legal<\/span><\/a><\/span><\/p>\t\t\t\t\t\t<\/div>\n\t\t\t\t<\/div>\n\t\t\t\t\t<\/div>\n\t\t\t\t<\/div>\n\t\t\t\t<\/div>\n\t\t\t\t<\/div>\n\t\t\t\t<\/div>\n\t\t","protected":false},"excerpt":{"rendered":"<p>Que \u00e9 o encontro e en que consiste Tr\u00e1tase dun foro de posta en com\u00fan de co\u00f1ecemento e debate para o que, desde o Consello Galego de Relaci\u00f3ns Laborais, convocamos os operadores protagonistas da actividade sociolaboral en Galicia co obxectivo de establecer os principais criterios t\u00e9cnicos que poder\u00e1n orientar ao Consello ao longo de 2026 [&hellip;]<\/p>\n","protected":false},"author":2,"featured_media":54,"parent":0,"menu_order":0,"comment_status":"closed","ping_status":"closed","template":"","meta":{"om_disable_all_campaigns":false,"_monsterinsights_skip_tracking":false,"_monsterinsights_sitenote_active":false,"_monsterinsights_sitenote_note":"","_monsterinsights_sitenote_category":0,"footnotes":""},"class_list":["post-181","page","type-page","status-publish","has-post-thumbnail","hentry"],"aioseo_notices":[],"_links":{"self":[{"href":"https:\/\/encontrogalegorrll.com\/index.php\/wp-json\/wp\/v2\/pages\/181","targetHints":{"allow":["GET"]}}],"collection":[{"href":"https:\/\/encontrogalegorrll.com\/index.php\/wp-json\/wp\/v2\/pages"}],"about":[{"href":"https:\/\/encontrogalegorrll.com\/index.php\/wp-json\/wp\/v2\/types\/page"}],"author":[{"embeddable":true,"href":"https:\/\/encontrogalegorrll.com\/index.php\/wp-json\/wp\/v2\/users\/2"}],"replies":[{"embeddable":true,"href":"https:\/\/encontrogalegorrll.com\/index.php\/wp-json\/wp\/v2\/comments?post=181"}],"version-history":[{"count":46,"href":"https:\/\/encontrogalegorrll.com\/index.php\/wp-json\/wp\/v2\/pages\/181\/revisions"}],"predecessor-version":[{"id":870,"href":"https:\/\/encontrogalegorrll.com\/index.php\/wp-json\/wp\/v2\/pages\/181\/revisions\/870"}],"wp:featuredmedia":[{"embeddable":true,"href":"https:\/\/encontrogalegorrll.com\/index.php\/wp-json\/wp\/v2\/media\/54"}],"wp:attachment":[{"href":"https:\/\/encontrogalegorrll.com\/index.php\/wp-json\/wp\/v2\/media?parent=181"}],"curies":[{"name":"wp","href":"https:\/\/api.w.org\/{rel}","templated":true}]}}